{"id":705,"date":"2024-03-15T20:54:03","date_gmt":"2024-03-15T19:54:03","guid":{"rendered":"https:\/\/economatopro.realismo.com.co\/?post_type=product&#038;p=705"},"modified":"2024-06-27T13:08:09","modified_gmt":"2024-06-27T11:08:09","slug":"huawei-cargador-de-vehiculo-ap07n-eu","status":"publish","type":"product","link":"https:\/\/economatopro.com\/en\/producto\/huawei-cargador-de-vehiculo-ap07n-eu\/","title":{"rendered":"HUAWEI CARGADOR DE VEHICULO AP07N-EU"},"content":{"rendered":"<p>El cargador de veh\u00edculo Huawei AP07N-EU es una soluci\u00f3n eficiente y confiable para cargar veh\u00edculos el\u00e9ctricos. Dise\u00f1ado para la toma de corriente europea, ofrece una carga r\u00e1pida y segura. Con una potencia de carga de hasta 7 kilovatios (kW), permite cargar veh\u00edculos el\u00e9ctricos de manera r\u00e1pida y eficiente, reduciendo los tiempos de recarga. Su dise\u00f1o compacto y port\u00e1til lo hace conveniente para uso dom\u00e9stico y en lugares p\u00fablicos. Cuenta con medidas de seguridad avanzadas, como protecci\u00f3n contra sobre corriente y cortocircuitos, garantizando una carga segura. El cargador Huawei AP07N-EU es una elecci\u00f3n s\u00f3lida para aquellos que buscan una soluci\u00f3n de carga eficiente y segura para veh\u00edculos el\u00e9ctricos en el mercado europeo.<\/p>","protected":false},"excerpt":{"rendered":"<p>El cargador de veh\u00edculo Huawei AP07N-EU es una soluci\u00f3n eficiente y confiable para cargar veh\u00edculos el\u00e9ctricos. Dise\u00f1ado para la toma de corriente europea, ofrece una carga r\u00e1pida y segura. Con una potencia de carga de hasta 7 kilovatios (kW), permite cargar veh\u00edculos el\u00e9ctricos de manera r\u00e1pida y eficiente, reduciendo los tiempos de recarga. Su dise\u00f1o compacto y port\u00e1til lo hace conveniente para uso dom\u00e9stico y en lugares p\u00fablicos. Cuenta con medidas de seguridad avanzadas, como protecci\u00f3n contra sobre corriente y cortocircuitos, garantizando una carga segura. El cargador Huawei AP07N-EU es una elecci\u00f3n s\u00f3lida para aquellos que buscan una soluci\u00f3n de carga eficiente y segura para veh\u00edculos el\u00e9ctricos en el mercado europeo.<\/p>","protected":false},"featured_media":706,"template":"","meta":{"_acf_changed":false,"_bbp_topic_count":0,"_bbp_reply_count":0,"_bbp_total_topic_count":0,"_bbp_total_reply_count":0,"_bbp_voice_count":0,"_bbp_anonymous_reply_count":0,"_bbp_topic_count_hidden":0,"_bbp_reply_count_hidden":0,"_bbp_forum_subforum_count":0,"_eb_attr":"","site-sidebar-layout":"default","site-content-layout":"","ast-site-content-layout":"default","site-content-style":"default","site-sidebar-style":"default","ast-global-header-display":"","ast-banner-title-visibility":"","ast-main-header-display":"","ast-hfb-above-header-display":"","ast-hfb-below-header-display":"","ast-hfb-mobile-header-display":"","site-post-title":"","ast-breadcrumbs-content":"","ast-featured-img":"","footer-sml-layout":"","theme-transparent-header-meta":"default","adv-header-id-meta":"","stick-header-meta":"","header-above-stick-meta":"","header-main-stick-meta":"","header-below-stick-meta":"","astra-migrate-meta-layouts":"set","ast-page-background-enabled":"default","ast-page-background-meta":{"desktop":{"background-color":"var(--ast-global-color-4)","background-image":"","background-repeat":"repeat","background-position":"center center","background-size":"auto","background-attachment":"scroll","background-type":"","background-media":"","overlay-type":"","overlay-color":"","overlay-opacity":"","overlay-gradient":""},"tablet":{"background-color":"","background-image":"","background-repeat":"repeat","background-position":"center center","background-size":"auto","background-attachment":"scroll","background-type":"","background-media":"","overlay-type":"","overlay-color":"","overlay-opacity":"","overlay-gradient":""},"mobile":{"background-color":"","background-image":"","background-repeat":"repeat","background-position":"center center","background-size":"auto","background-attachment":"scroll","background-type":"","background-media":"","overlay-type":"","overlay-color":"","overlay-opacity":"","overlay-gradient":""}},"ast-content-background-meta":{"desktop":{"background-color":"var(--ast-global-color-5)","background-image":"","background-repeat":"repeat","background-position":"center center","background-size":"auto","background-attachment":"scroll","background-type":"","background-media":"","overlay-type":"","overlay-color":"","overlay-opacity":"","overlay-gradient":""},"tablet":{"background-color":"var(--ast-global-color-5)","background-image":"","background-repeat":"repeat","background-position":"center center","background-size":"auto","background-attachment":"scroll","background-type":"","background-media":"","overlay-type":"","overlay-color":"","overlay-opacity":"","overlay-gradient":""},"mobile":{"background-color":"var(--ast-global-color-5)","background-image":"","background-repeat":"repeat","background-position":"center center","background-size":"auto","background-attachment":"scroll","background-type":"","background-media":"","overlay-type":"","overlay-color":"","overlay-opacity":"","overlay-gradient":""}}},"product_cat":[100,105],"product_tag":[],"acf":[],"_links":{"self":[{"href":"https:\/\/economatopro.com\/en\/wp-json\/wp\/v2\/product\/705"}],"collection":[{"href":"https:\/\/economatopro.com\/en\/wp-json\/wp\/v2\/product"}],"about":[{"href":"https:\/\/economatopro.com\/en\/wp-json\/wp\/v2\/types\/product"}],"wp:featuredmedia":[{"embeddable":true,"href":"https:\/\/economatopro.com\/en\/wp-json\/wp\/v2\/media\/706"}],"wp:attachment":[{"href":"https:\/\/economatopro.com\/en\/wp-json\/wp\/v2\/media?parent=705"}],"wp:term":[{"taxonomy":"product_cat","embeddable":true,"href":"https:\/\/economatopro.com\/en\/wp-json\/wp\/v2\/product_cat?post=705"},{"taxonomy":"product_tag","embeddable":true,"href":"https:\/\/economatopro.com\/en\/wp-json\/wp\/v2\/product_tag?post=705"}],"curies":[{"name":"wp","href":"https:\/\/api.w.org\/{rel}","templated":true}]}}