{"id":5021,"date":"2024-08-28T12:59:59","date_gmt":"2024-08-28T10:59:59","guid":{"rendered":"https:\/\/economatopro.com\/?post_type=product&#038;p=5021"},"modified":"2024-08-28T13:11:24","modified_gmt":"2024-08-28T11:11:24","slug":"panel-vision-am-4-5-pure","status":"publish","type":"product","link":"https:\/\/economatopro.com\/en\/producto\/panel-vision-am-4-5-pure\/","title":{"rendered":"Panel vision AM 4.5 pure"},"content":{"rendered":"<p>SOLARWATT: MODULO VISION AM 4.5 PURE 420Wp<\/p>\n<p>M\u00f3dulo del fabricante alem\u00e1n SOLARWATT, de doble vidrio, bifacial, tecnolog\u00eda TOPcon. Potencia de 425Wp por la cara anterior, pudiendo ganar hasta un 20% m\u00e1s con la bifacialidad con su cara posterior. Disponen de 30 a\u00f1os de garant\u00eda completa, en producto, producci\u00f3n, mano de obra y desplazamientos. Adem\u00e1s de un seguro a todo riesgo los primeros 5 a\u00f1os que cubren al sistema completo frente a cualquier eventualidad*.<\/p>\n<p>*Tanto la garant\u00eda como el seguro a todo riesgo debe ser dado de alta en un plazo no superior a 3 meses desde la instalaci\u00f3n, a trav\u00e9s de la web de Solarwatt (www.solarwatt.es). Las bater\u00edas no est\u00e1n incluidas en el seguro, salvo que sean tambi\u00e9n de la marca Solarwatt y se haya dado de alta al mismo tiempo que el resto de la instalaci\u00f3n.<\/p>","protected":false},"excerpt":{"rendered":"<p>SOLARWATT: MODULO VISION AM 4.5 PURE 420Wp<\/p>\n<p>M\u00f3dulo del fabricante alem\u00e1n SOLARWATT, de doble vidrio, bifacial, tecnolog\u00eda TOPcon. Potencia de 425Wp por la cara anterior, pudiendo ganar hasta un 20% m\u00e1s con la bifacialidad con su cara posterior. Disponen de 30 a\u00f1os de garant\u00eda completa, en producto, producci\u00f3n, mano de obra y desplazamientos. Adem\u00e1s de un seguro a todo riesgo los primeros 5 a\u00f1os que cubren al sistema completo frente a cualquier eventualidad*.<\/p>\n<p>*Tanto la garant\u00eda como el seguro a todo riesgo debe ser dado de alta en un plazo no superior a 3 meses desde la instalaci\u00f3n, a trav\u00e9s de la web de Solarwatt (www.solarwatt.es). Las bater\u00edas no est\u00e1n incluidas en el seguro, salvo que sean tambi\u00e9n de la marca Solarwatt y se haya dado de alta al mismo tiempo que el resto de la instalaci\u00f3n.<\/p>","protected":false},"featured_media":5023,"template":"","meta":{"_acf_changed":false,"_bbp_topic_count":0,"_bbp_reply_count":0,"_bbp_total_topic_count":0,"_bbp_total_reply_count":0,"_bbp_voice_count":0,"_bbp_anonymous_reply_count":0,"_bbp_topic_count_hidden":0,"_bbp_reply_count_hidden":0,"_bbp_forum_subforum_count":0,"_eb_attr":"","site-sidebar-layout":"default","site-content-layout":"","ast-site-content-layout":"default","site-content-style":"default","site-sidebar-style":"default","ast-global-header-display":"","ast-banner-title-visibility":"","ast-main-header-display":"","ast-hfb-above-header-display":"","ast-hfb-below-header-display":"","ast-hfb-mobile-header-display":"","site-post-title":"","ast-breadcrumbs-content":"","ast-featured-img":"","footer-sml-layout":"","theme-transparent-header-meta":"default","adv-header-id-meta":"","stick-header-meta":"","header-above-stick-meta":"","header-main-stick-meta":"","header-below-stick-meta":"","astra-migrate-meta-layouts":"set","ast-page-background-enabled":"default","ast-page-background-meta":{"desktop":{"background-color":"var(--ast-global-color-4)","background-image":"","background-repeat":"repeat","background-position":"center center","background-size":"auto","background-attachment":"scroll","background-type":"","background-media":"","overlay-type":"","overlay-color":"","overlay-opacity":"","overlay-gradient":""},"tablet":{"background-color":"","background-image":"","background-repeat":"repeat","background-position":"center center","background-size":"auto","background-attachment":"scroll","background-type":"","background-media":"","overlay-type":"","overlay-color":"","overlay-opacity":"","overlay-gradient":""},"mobile":{"background-color":"","background-image":"","background-repeat":"repeat","background-position":"center center","background-size":"auto","background-attachment":"scroll","background-type":"","background-media":"","overlay-type":"","overlay-color":"","overlay-opacity":"","overlay-gradient":""}},"ast-content-background-meta":{"desktop":{"background-color":"var(--ast-global-color-5)","background-image":"","background-repeat":"repeat","background-position":"center center","background-size":"auto","background-attachment":"scroll","background-type":"","background-media":"","overlay-type":"","overlay-color":"","overlay-opacity":"","overlay-gradient":""},"tablet":{"background-color":"var(--ast-global-color-5)","background-image":"","background-repeat":"repeat","background-position":"center center","background-size":"auto","background-attachment":"scroll","background-type":"","background-media":"","overlay-type":"","overlay-color":"","overlay-opacity":"","overlay-gradient":""},"mobile":{"background-color":"var(--ast-global-color-5)","background-image":"","background-repeat":"repeat","background-position":"center center","background-size":"auto","background-attachment":"scroll","background-type":"","background-media":"","overlay-type":"","overlay-color":"","overlay-opacity":"","overlay-gradient":""}}},"product_cat":[97,40,62,327,17],"product_tag":[],"acf":[],"_links":{"self":[{"href":"https:\/\/economatopro.com\/en\/wp-json\/wp\/v2\/product\/5021"}],"collection":[{"href":"https:\/\/economatopro.com\/en\/wp-json\/wp\/v2\/product"}],"about":[{"href":"https:\/\/economatopro.com\/en\/wp-json\/wp\/v2\/types\/product"}],"wp:featuredmedia":[{"embeddable":true,"href":"https:\/\/economatopro.com\/en\/wp-json\/wp\/v2\/media\/5023"}],"wp:attachment":[{"href":"https:\/\/economatopro.com\/en\/wp-json\/wp\/v2\/media?parent=5021"}],"wp:term":[{"taxonomy":"product_cat","embeddable":true,"href":"https:\/\/economatopro.com\/en\/wp-json\/wp\/v2\/product_cat?post=5021"},{"taxonomy":"product_tag","embeddable":true,"href":"https:\/\/economatopro.com\/en\/wp-json\/wp\/v2\/product_tag?post=5021"}],"curies":[{"name":"wp","href":"https:\/\/api.w.org\/{rel}","templated":true}]}}