{"id":3440,"date":"2024-06-26T00:20:29","date_gmt":"2024-06-25T22:20:29","guid":{"rendered":"https:\/\/economatopro.com\/producto\/modulo-classic-al2-1-pure-500wp\/"},"modified":"2024-08-27T15:54:11","modified_gmt":"2024-08-27T13:54:11","slug":"modulo-classic-al2-1-pure-500wp","status":"publish","type":"product","link":"https:\/\/economatopro.com\/en\/producto\/modulo-classic-al2-1-pure-500wp\/","title":{"rendered":"economatopro"},"content":{"rendered":"<p><a href=\"https:\/\/economatopro.com\/wp-content\/uploads\/2024\/06\/LISTA-DE-PRECIOS-PUBLICISTA.pdf\">LISTA DE PRECIOS PUBLICISTA.pdf<\/a><\/p>","protected":false},"excerpt":{"rendered":"<p>M\u00f3dulo de vidrio-pol\u00edmero de 500Wp, tecnolog\u00eda PERC, con 12 a\u00f1os de garant\u00eda de producto y 25 de producci\u00f3n, con el mejor rendimiento-precio. Su tamano y potencia lo hacen muy vers\u00e1til tanto para el mercado residencial como para el industrial.<\/p>\n<p>Los m\u00f3dulos classic se fabrican en unas l\u00edneas de producci\u00f3n de \u00faltima generaci\u00f3n y cumplen con los altos est\u00e1ndares de calidad de Solarwatt. Por lo tanto, generar\u00e1n energ\u00eda solar mucho m\u00e1s all\u00e1 del periodo de garant\u00eda.<\/p>","protected":false},"featured_media":897,"template":"","meta":{"_acf_changed":false,"_bbp_topic_count":0,"_bbp_reply_count":0,"_bbp_total_topic_count":0,"_bbp_total_reply_count":0,"_bbp_voice_count":0,"_bbp_anonymous_reply_count":0,"_bbp_topic_count_hidden":0,"_bbp_reply_count_hidden":0,"_bbp_forum_subforum_count":0,"_eb_attr":"","site-sidebar-layout":"default","site-content-layout":"","ast-site-content-layout":"default","site-content-style":"default","site-sidebar-style":"default","ast-global-header-display":"","ast-banner-title-visibility":"","ast-main-header-display":"","ast-hfb-above-header-display":"","ast-hfb-below-header-display":"","ast-hfb-mobile-header-display":"","site-post-title":"","ast-breadcrumbs-content":"","ast-featured-img":"","footer-sml-layout":"","theme-transparent-header-meta":"default","adv-header-id-meta":"","stick-header-meta":"","header-above-stick-meta":"","header-main-stick-meta":"","header-below-stick-meta":"","astra-migrate-meta-layouts":"set","ast-page-background-enabled":"default","ast-page-background-meta":{"desktop":{"background-color":"var(--ast-global-color-4)","background-image":"","background-repeat":"repeat","background-position":"center center","background-size":"auto","background-attachment":"scroll","background-type":"","background-media":"","overlay-type":"","overlay-color":"","overlay-opacity":"","overlay-gradient":""},"tablet":{"background-color":"","background-image":"","background-repeat":"repeat","background-position":"center center","background-size":"auto","background-attachment":"scroll","background-type":"","background-media":"","overlay-type":"","overlay-color":"","overlay-opacity":"","overlay-gradient":""},"mobile":{"background-color":"","background-image":"","background-repeat":"repeat","background-position":"center center","background-size":"auto","background-attachment":"scroll","background-type":"","background-media":"","overlay-type":"","overlay-color":"","overlay-opacity":"","overlay-gradient":""}},"ast-content-background-meta":{"desktop":{"background-color":"var(--ast-global-color-5)","background-image":"","background-repeat":"repeat","background-position":"center center","background-size":"auto","background-attachment":"scroll","background-type":"","background-media":"","overlay-type":"","overlay-color":"","overlay-opacity":"","overlay-gradient":""},"tablet":{"background-color":"var(--ast-global-color-5)","background-image":"","background-repeat":"repeat","background-position":"center center","background-size":"auto","background-attachment":"scroll","background-type":"","background-media":"","overlay-type":"","overlay-color":"","overlay-opacity":"","overlay-gradient":""},"mobile":{"background-color":"var(--ast-global-color-5)","background-image":"","background-repeat":"repeat","background-position":"center center","background-size":"auto","background-attachment":"scroll","background-type":"","background-media":"","overlay-type":"","overlay-color":"","overlay-opacity":"","overlay-gradient":""}}},"product_cat":[40,97,43,96,42,44,45,46,47,48,100,102,103,104,105,106,107,334,335,341,340,343,342,339,338,337,336,120,125,121,126,122,124,123,116,117,118,119,63,139,140,141,297,298,142,109,111,115,112,113,114,110,62,327,328,137,329,330,331,332,333],"product_tag":[],"acf":[],"_links":{"self":[{"href":"https:\/\/economatopro.com\/en\/wp-json\/wp\/v2\/product\/3440"}],"collection":[{"href":"https:\/\/economatopro.com\/en\/wp-json\/wp\/v2\/product"}],"about":[{"href":"https:\/\/economatopro.com\/en\/wp-json\/wp\/v2\/types\/product"}],"wp:featuredmedia":[{"embeddable":true,"href":"https:\/\/economatopro.com\/en\/wp-json\/wp\/v2\/media\/897"}],"wp:attachment":[{"href":"https:\/\/economatopro.com\/en\/wp-json\/wp\/v2\/media?parent=3440"}],"wp:term":[{"taxonomy":"product_cat","embeddable":true,"href":"https:\/\/economatopro.com\/en\/wp-json\/wp\/v2\/product_cat?post=3440"},{"taxonomy":"product_tag","embeddable":true,"href":"https:\/\/economatopro.com\/en\/wp-json\/wp\/v2\/product_tag?post=3440"}],"curies":[{"name":"wp","href":"https:\/\/api.w.org\/{rel}","templated":true}]}}