{"id":3409,"date":"2024-06-25T18:01:23","date_gmt":"2024-06-25T16:01:23","guid":{"rendered":"https:\/\/economatopro.com\/?post_type=product&#038;p=3409"},"modified":"2024-06-26T00:49:50","modified_gmt":"2024-06-25T22:49:50","slug":"bateria-litio-lv-bajo-voltaje-tab-lit4836-48v-3500wh-2","status":"publish","type":"product","link":"https:\/\/economatopro.com\/en\/producto\/bateria-litio-lv-bajo-voltaje-tab-lit4836-48v-3500wh-2\/","title":{"rendered":"BATER\u00cdA LITIO LV (BAJO VOLTAJE) TAB LIT4836 48V 3500WH"},"content":{"rendered":"<p>La bater\u00eda de litio LV (bajo voltaje) TAB LIT4824 48V 2400Wh es una soluci\u00f3n de almacenamiento de energ\u00eda eficiente y vers\u00e1til. Con 3500Wh y 48V, es ideal para respaldo de energ\u00eda y sistemas solares. Su tecnolog\u00eda de litio garantiza alta eficiencia y larga vida \u00fatil. Adem\u00e1s, su dise\u00f1o compacto la hace f\u00e1cil de instalar en diversas ubicaciones. Es segura y adecuada para aplicaciones de bajo voltaje. Esta bater\u00eda es una opci\u00f3n confiable para aprovechar la energ\u00eda solar o mantener el suministro el\u00e9ctrico en caso de cortes.<\/p>","protected":false},"excerpt":{"rendered":"<p>La bater\u00eda de litio LV (bajo voltaje) TAB LIT4824 48V 2400Wh es una soluci\u00f3n de almacenamiento de energ\u00eda eficiente y vers\u00e1til. Con 3500Wh y 48V, es ideal para respaldo de energ\u00eda y sistemas solares. Su tecnolog\u00eda de litio garantiza alta eficiencia y larga vida \u00fatil. Adem\u00e1s, su dise\u00f1o compacto la hace f\u00e1cil de instalar en diversas ubicaciones. Es segura y adecuada para aplicaciones de bajo voltaje. Esta bater\u00eda es una opci\u00f3n confiable para aprovechar la energ\u00eda solar o mantener el suministro el\u00e9ctrico en caso de cortes.<\/p>","protected":false},"featured_media":296,"template":"","meta":{"_acf_changed":false,"_bbp_topic_count":0,"_bbp_reply_count":0,"_bbp_total_topic_count":0,"_bbp_total_reply_count":0,"_bbp_voice_count":0,"_bbp_anonymous_reply_count":0,"_bbp_topic_count_hidden":0,"_bbp_reply_count_hidden":0,"_bbp_forum_subforum_count":0,"_eb_attr":"","site-sidebar-layout":"default","site-content-layout":"","ast-site-content-layout":"","site-content-style":"default","site-sidebar-style":"default","ast-global-header-display":"","ast-banner-title-visibility":"","ast-main-header-display":"","ast-hfb-above-header-display":"","ast-hfb-below-header-display":"","ast-hfb-mobile-header-display":"","site-post-title":"","ast-breadcrumbs-content":"","ast-featured-img":"","footer-sml-layout":"","theme-transparent-header-meta":"","adv-header-id-meta":"","stick-header-meta":"","header-above-stick-meta":"","header-main-stick-meta":"","header-below-stick-meta":"","astra-migrate-meta-layouts":"default","ast-page-background-enabled":"default","ast-page-background-meta":{"desktop":{"background-color":"var(--ast-global-color-4)","background-image":"","background-repeat":"repeat","background-position":"center center","background-size":"auto","background-attachment":"scroll","background-type":"","background-media":"","overlay-type":"","overlay-color":"","overlay-opacity":"","overlay-gradient":""},"tablet":{"background-color":"","background-image":"","background-repeat":"repeat","background-position":"center center","background-size":"auto","background-attachment":"scroll","background-type":"","background-media":"","overlay-type":"","overlay-color":"","overlay-opacity":"","overlay-gradient":""},"mobile":{"background-color":"","background-image":"","background-repeat":"repeat","background-position":"center center","background-size":"auto","background-attachment":"scroll","background-type":"","background-media":"","overlay-type":"","overlay-color":"","overlay-opacity":"","overlay-gradient":""}},"ast-content-background-meta":{"desktop":{"background-color":"var(--ast-global-color-5)","background-image":"","background-repeat":"repeat","background-position":"center center","background-size":"auto","background-attachment":"scroll","background-type":"","background-media":"","overlay-type":"","overlay-color":"","overlay-opacity":"","overlay-gradient":""},"tablet":{"background-color":"var(--ast-global-color-5)","background-image":"","background-repeat":"repeat","background-position":"center center","background-size":"auto","background-attachment":"scroll","background-type":"","background-media":"","overlay-type":"","overlay-color":"","overlay-opacity":"","overlay-gradient":""},"mobile":{"background-color":"var(--ast-global-color-5)","background-image":"","background-repeat":"repeat","background-position":"center center","background-size":"auto","background-attachment":"scroll","background-type":"","background-media":"","overlay-type":"","overlay-color":"","overlay-opacity":"","overlay-gradient":""}}},"product_cat":[43],"product_tag":[],"acf":[],"_links":{"self":[{"href":"https:\/\/economatopro.com\/en\/wp-json\/wp\/v2\/product\/3409"}],"collection":[{"href":"https:\/\/economatopro.com\/en\/wp-json\/wp\/v2\/product"}],"about":[{"href":"https:\/\/economatopro.com\/en\/wp-json\/wp\/v2\/types\/product"}],"wp:featuredmedia":[{"embeddable":true,"href":"https:\/\/economatopro.com\/en\/wp-json\/wp\/v2\/media\/296"}],"wp:attachment":[{"href":"https:\/\/economatopro.com\/en\/wp-json\/wp\/v2\/media?parent=3409"}],"wp:term":[{"taxonomy":"product_cat","embeddable":true,"href":"https:\/\/economatopro.com\/en\/wp-json\/wp\/v2\/product_cat?post=3409"},{"taxonomy":"product_tag","embeddable":true,"href":"https:\/\/economatopro.com\/en\/wp-json\/wp\/v2\/product_tag?post=3409"}],"curies":[{"name":"wp","href":"https:\/\/api.w.org\/{rel}","templated":true}]}}